{"id":43,"date":"2026-03-17T16:59:14","date_gmt":"2026-03-17T16:59:14","guid":{"rendered":"https:\/\/marmoresegranitosnh.com.br\/?page_id=43"},"modified":"2026-03-17T16:59:15","modified_gmt":"2026-03-17T16:59:15","slug":"cubas-esculpidas-em-marmore-e-granito-em-sao-paulo","status":"publish","type":"page","link":"https:\/\/marmoresegranitosnh.com.br\/index.php\/cubas-esculpidas-em-marmore-e-granito-em-sao-paulo\/","title":{"rendered":"Cubas Esculpidas em M\u00e1rmore e Granito em S\u00e3o Paulo"},"content":{"rendered":"\n<p>A <strong>Novo Horizonte M\u00e1rmores e Granitos<\/strong> \u00e9 especializada na cria\u00e7\u00e3o de <strong>cubas esculpidas sob medida<\/strong>, ideais para quem busca um banheiro moderno, elegante e com acabamento diferenciado.<\/p>\n\n\n\n<p>Atendemos toda a <strong>Zona Leste de S\u00e3o Paulo<\/strong>, oferecendo projetos personalizados, materiais de qualidade e instala\u00e7\u00e3o profissional.<\/p>\n\n\n\n<hr class=\"wp-block-separator has-alpha-channel-opacity\"\/>\n\n\n\n<h2 class=\"wp-block-heading\">O que s\u00e3o Cubas Esculpidas?<\/h2>\n\n\n\n<p>As cubas esculpidas s\u00e3o feitas diretamente na pedra, sem emendas aparentes, proporcionando um visual sofisticado, moderno e totalmente integrado \u00e0 bancada.<\/p>\n\n\n\n<p>Al\u00e9m da est\u00e9tica, esse tipo de cuba tamb\u00e9m facilita a limpeza e valoriza o ambiente.<\/p>\n\n\n\n<hr class=\"wp-block-separator has-alpha-channel-opacity\"\/>\n\n\n\n<h2 class=\"wp-block-heading\">Vantagens das Cubas Esculpidas<\/h2>\n\n\n\n<p>\u2714 Design moderno e sofisticado<br>\u2714 Acabamento sem emendas<br>\u2714 F\u00e1cil limpeza<br>\u2714 Alta durabilidade<br>\u2714 Projeto totalmente personalizado<\/p>\n\n\n\n<hr class=\"wp-block-separator has-alpha-channel-opacity\"\/>\n\n\n\n<h2 class=\"wp-block-heading\">Projetos Sob Medida<\/h2>\n\n\n\n<p>Cada cuba \u00e9 desenvolvida de acordo com o espa\u00e7o dispon\u00edvel e o gosto do cliente. Trabalhamos com diferentes tipos de acabamento, formatos e modelos, sempre garantindo um resultado exclusivo.<\/p>\n\n\n\n<hr class=\"wp-block-separator has-alpha-channel-opacity\"\/>\n\n\n\n<h2 class=\"wp-block-heading\">Materiais Utilizados<\/h2>\n\n\n\n<p>Trabalhamos com diversos tipos de pedras, como:<\/p>\n\n\n\n<ul class=\"wp-block-list\">\n<li>M\u00e1rmore<\/li>\n\n\n\n<li>Granito<\/li>\n<\/ul>\n\n\n\n<p>Sempre orientando o cliente sobre a melhor escolha para cada ambiente.<\/p>\n\n\n\n<hr class=\"wp-block-separator has-alpha-channel-opacity\"\/>\n\n\n\n<h2 class=\"wp-block-heading\">Atendimento em toda S\u00e3o Paulo<\/h2>\n\n\n\n<p>Realizamos projetos e instala\u00e7\u00f5es em toda S\u00e3o Paulo, preferencialmente na regi\u00e3o da Zona Leste, incluindo:<\/p>\n\n\n\n<p>Aricanduva, Itaquera, S\u00e3o Mateus, Tatuap\u00e9, Vila Formosa, Carr\u00e3o e regi\u00e3o.<\/p>\n\n\n\n<p>Se voc\u00ea procura por <strong>cubas esculpidas na Zona Leste<\/strong>, fale com a nossa equipe.<\/p>\n\n\n\n<hr class=\"wp-block-separator has-alpha-channel-opacity\"\/>\n\n\n\n<h2 class=\"wp-block-heading\"><\/h2>\n\n\n\n<p><strong>Solicite seu or\u00e7amento de cuba esculpida agora mesmo!<\/strong><\/p>\n\n\n\n<div class=\"wp-block-buttons is-content-justification-center is-layout-flex wp-container-core-buttons-is-layout-a89b3969 wp-block-buttons-is-layout-flex\">\n<div class=\"wp-block-button has-custom-width wp-block-button__width-25\"><a class=\"wp-block-button__link has-button-hover-bg-background-color has-background wp-element-button\" href=\"https:\/\/wa.me\/5511981102236?text=Preciso de Or\u00e7amento\" target=\"_blank\" rel=\"noreferrer noopener\"><strong>Solicite seu Or\u00e7amento<\/strong><\/a><\/div>\n<\/div>\n","protected":false},"excerpt":{"rendered":"<p>A Novo Horizonte M\u00e1rmores e Granitos \u00e9 especializada na cria\u00e7\u00e3o de cubas esculpidas sob medida, ideais para quem busca um banheiro moderno, elegante e com acabamento diferenciado. Atendemos toda a Zona Leste de S\u00e3o Paulo, oferecendo projetos personalizados, materiais de qualidade e instala\u00e7\u00e3o profissional. O que s\u00e3o Cubas Esculpidas? As cubas esculpidas s\u00e3o feitas diretamente [&hellip;]<\/p>\n","protected":false},"author":1,"featured_media":0,"parent":0,"menu_order":0,"comment_status":"closed","ping_status":"closed","template":"","meta":{"footnotes":""},"class_list":["post-43","page","type-page","status-publish","hentry"],"aioseo_notices":[],"_links":{"self":[{"href":"https:\/\/marmoresegranitosnh.com.br\/index.php\/wp-json\/wp\/v2\/pages\/43","targetHints":{"allow":["GET"]}}],"collection":[{"href":"https:\/\/marmoresegranitosnh.com.br\/index.php\/wp-json\/wp\/v2\/pages"}],"about":[{"href":"https:\/\/marmoresegranitosnh.com.br\/index.php\/wp-json\/wp\/v2\/types\/page"}],"author":[{"embeddable":true,"href":"https:\/\/marmoresegranitosnh.com.br\/index.php\/wp-json\/wp\/v2\/users\/1"}],"replies":[{"embeddable":true,"href":"https:\/\/marmoresegranitosnh.com.br\/index.php\/wp-json\/wp\/v2\/comments?post=43"}],"version-history":[{"count":1,"href":"https:\/\/marmoresegranitosnh.com.br\/index.php\/wp-json\/wp\/v2\/pages\/43\/revisions"}],"predecessor-version":[{"id":44,"href":"https:\/\/marmoresegranitosnh.com.br\/index.php\/wp-json\/wp\/v2\/pages\/43\/revisions\/44"}],"wp:attachment":[{"href":"https:\/\/marmoresegranitosnh.com.br\/index.php\/wp-json\/wp\/v2\/media?parent=43"}],"curies":[{"name":"wp","href":"https:\/\/api.w.org\/{rel}","templated":true}]}}